{"id":18,"date":"2024-04-03T12:24:09","date_gmt":"2024-04-03T12:24:09","guid":{"rendered":"https:\/\/konelink.fi\/?page_id=18"},"modified":"2025-02-18T11:07:38","modified_gmt":"2025-02-18T09:07:38","slug":"kalusto","status":"publish","type":"page","link":"https:\/\/konelink.fi\/?page_id=18","title":{"rendered":"Kalusto"},"content":{"rendered":"\n<h3 class=\"wp-block-heading\"><strong>Monipuolinen kalustomme<\/strong><strong> tarjoaa ratkaisun monenlaisiin projekteihin!<\/strong><\/h3>\n\n\n\n<p>Tutustu moderniin ja monipuoliseen kalustoomme, joka mahdollistaa laajan kirjon urakointia eri alueilla ja erilaisissa projekteissa. <\/p>\n\n\n\n<p>Kalustomme on suunniteltu vastaamaan monenlaisia tarpeita ja ty\u00f6skentelem\u00e4\u00e4n tehokkaasti maastosta ja vuodenajasta riippumatta. Oli kyse sitten haastavasta maastosta tai kylm\u00e4st\u00e4 s\u00e4\u00e4st\u00e4, kalustomme on valmiina toteuttamaan projekteja luotettavasti ja ammattitaitoisesti.<\/p>\n\n\n\n<p>Mets\u00e4koneet:<\/p>\n\n\n\n<p>Ponsse Elk<\/p>\n\n\n\n<figure class=\"wp-block-image size-full\"><img loading=\"lazy\" decoding=\"async\" width=\"1347\" height=\"941\" src=\"https:\/\/konelink.fi\/wp-content\/uploads\/2024\/06\/ponsse_elk.png\" alt=\"\" class=\"wp-image-84\"\/><\/figure>\n\n\n\n<p>Ponsse Buffalo<\/p>\n\n\n\n<figure class=\"wp-block-image size-full\"><img loading=\"lazy\" decoding=\"async\" width=\"1219\" height=\"733\" src=\"https:\/\/konelink.fi\/wp-content\/uploads\/2024\/06\/ponsse_buffalo.png\" alt=\"\" class=\"wp-image-86\"\/><\/figure>\n\n\n\n<p>Hakkuri:<\/p>\n\n\n\n<p>Scania R490+ Jenz 582+ Pallfinger<\/p>\n\n\n\n<figure class=\"wp-block-image size-full\"><img loading=\"lazy\" decoding=\"async\" width=\"1134\" height=\"1318\" src=\"https:\/\/konelink.fi\/wp-content\/uploads\/2024\/06\/IMG-20240219-WA0004-1.jpg\" alt=\"\" class=\"wp-image-81\"\/><\/figure>\n\n\n\n<p>Morbark 30RXL terminaalihakkuri<\/p>\n\n\n\n<figure class=\"wp-block-image size-full\"><img loading=\"lazy\" decoding=\"async\" width=\"3011\" height=\"900\" src=\"https:\/\/konelink.fi\/wp-content\/uploads\/2025\/02\/morbarkweb.jpg\" alt=\"\" class=\"wp-image-102\"\/><\/figure>\n\n\n\n<p>Lavetti:<\/p>\n\n\n\n<figure class=\"wp-block-image size-full\"><img loading=\"lazy\" decoding=\"async\" width=\"1351\" height=\"627\" src=\"https:\/\/konelink.fi\/wp-content\/uploads\/2024\/06\/VolvoEC250.png\" alt=\"\" class=\"wp-image-85\"\/><\/figure>\n\n\n\n<p>Kaivinkone Hitachi 225<\/p>\n\n\n\n<figure class=\"wp-block-image size-full\"><img loading=\"lazy\" decoding=\"async\" width=\"1200\" height=\"1600\" src=\"https:\/\/konelink.fi\/wp-content\/uploads\/2024\/06\/IMG-20240607-WA0002.jpg\" alt=\"\" class=\"wp-image-94\"\/><\/figure>\n\n\n\n<p><\/p>\n\n\n\n<p>Py\u00f6r\u00e4kuormaaja:<\/p>\n\n\n\n<p>Volvo L120E<\/p>\n\n\n\n<p><\/p>\n\n\n\n<figure class=\"wp-block-image size-full is-resized\"><img loading=\"lazy\" decoding=\"async\" width=\"800\" height=\"477\" src=\"https:\/\/konelink.fi\/wp-content\/uploads\/2024\/05\/VovloL120.jpg\" alt=\"\" class=\"wp-image-34\" style=\"width:835px;height:auto\"\/><\/figure>\n","protected":false},"excerpt":{"rendered":"<p>Monipuolinen kalustomme tarjoaa ratkaisun monenlaisiin projekteihin! Tutustu moderniin ja monipuoliseen kalustoomme, joka mahdollistaa laajan kirjon urakointia eri alueilla ja erilaisissa projekteissa. Kalustomme on suunniteltu vastaamaan monenlaisia tarpeita ja ty\u00f6skentelem\u00e4\u00e4n tehokkaasti maastosta ja vuodenajasta riippumatta. Oli kyse sitten haastavasta maastosta tai kylm\u00e4st\u00e4 s\u00e4\u00e4st\u00e4, kalustomme on valmiina toteuttamaan projekteja luotettavasti ja ammattitaitoisesti. Mets\u00e4koneet: Ponsse Elk Ponsse Buffalo &#8230; <a title=\"Kalusto\" class=\"read-more\" href=\"https:\/\/konelink.fi\/?page_id=18\">Read more<span class=\"screen-reader-text\">Kalusto<\/span><\/a><\/p>\n","protected":false},"author":1,"featured_media":0,"parent":0,"menu_order":0,"comment_status":"closed","ping_status":"closed","template":"","meta":{"footnotes":""},"class_list":["post-18","page","type-page","status-publish"],"_links":{"self":[{"href":"https:\/\/konelink.fi\/index.php?rest_route=\/wp\/v2\/pages\/18","targetHints":{"allow":["GET"]}}],"collection":[{"href":"https:\/\/konelink.fi\/index.php?rest_route=\/wp\/v2\/pages"}],"about":[{"href":"https:\/\/konelink.fi\/index.php?rest_route=\/wp\/v2\/types\/page"}],"author":[{"embeddable":true,"href":"https:\/\/konelink.fi\/index.php?rest_route=\/wp\/v2\/users\/1"}],"replies":[{"embeddable":true,"href":"https:\/\/konelink.fi\/index.php?rest_route=%2Fwp%2Fv2%2Fcomments&post=18"}],"version-history":[{"count":9,"href":"https:\/\/konelink.fi\/index.php?rest_route=\/wp\/v2\/pages\/18\/revisions"}],"predecessor-version":[{"id":103,"href":"https:\/\/konelink.fi\/index.php?rest_route=\/wp\/v2\/pages\/18\/revisions\/103"}],"wp:attachment":[{"href":"https:\/\/konelink.fi\/index.php?rest_route=%2Fwp%2Fv2%2Fmedia&parent=18"}],"curies":[{"name":"wp","href":"https:\/\/api.w.org\/{rel}","templated":true}]}}