{"id":9,"date":"2024-04-03T12:11:18","date_gmt":"2024-04-03T12:11:18","guid":{"rendered":"https:\/\/konelink.fi\/?page_id=9"},"modified":"2024-05-27T20:23:21","modified_gmt":"2024-05-27T18:23:21","slug":"info","status":"publish","type":"page","link":"https:\/\/konelink.fi\/?page_id=9","title":{"rendered":"Info"},"content":{"rendered":"\n<p>Konelink ent. Agrilink perustettiin vuonna 2014. Silloin yhti\u00f6 keskitti voimansa maatalouskoneiden varaosiin ja k\u00e4ytettyjen maatalouskoneiden maahantuontiin. Asiakkaita oli ymp\u00e4ri maata etel\u00e4st\u00e4 pohjoiseen. P\u00e4\u00e4osin tuotiin Granit-merkkisi\u00e4 tarvikeosia Saksasta sill\u00e4 periaatteella, ett\u00e4 osat l\u00e4htiv\u00e4t keskusvarastolta suoraan asiakkaan ovelle ilman v\u00e4lik\u00e4si\u00e4. Oli tietysti my\u00f6s muita pienempi\u00e4 toimittajia esim.Englannista, Ruotsista ja Italiasta.&nbsp;<\/p>\n\n\n\n<p>Agrilink toi maahan my\u00f6s k\u00e4ytettyj\u00e4 maatalouskoneita kuten traktoreita, puimureita, niittomurskaimia ja maanmuokkauskoneita. T\u00e4llaisia tilauksia otetaan viel\u00e4kin vastaan.<\/p>\n\n\n\n<p>Noin vuonna 2018 Agrilink rupesi painottamaan toimintansa koneelliseen urakointiin,kun yhti\u00f6 osti ensimm\u00e4isen mets\u00e4koneen Ponsse Wisentin. Sen kanssa ajettiin mets\u00e4t\u00e4hteit\u00e4 ja tukkipuuta l\u00e4hialueella,p\u00e4\u00e4osin Stora Enson ty\u00f6mailla. Ja jonkin verran energiapuita, joita kaivinkoneella ja giljotiinilla oli katkottu, kun harvennettiin pellon ja mets\u00e4n reunoja.<\/p>\n\n\n\n<p>Sen j\u00e4lkeen ollaan pikkuhiljaa konekantaa kasvatettu ja vaihdettu, tuli lavettiauto ja toinen ajokone. Lavettiauto vaihtui uudempaan 5-akseliseen jne.&nbsp;<\/p>\n\n\n\n<p>Agrilinkin toiminta oli jo vuonna 2020 melkein pelk\u00e4st\u00e4\u00e4n koneurakointia, joten p\u00e4\u00e4tin,ett\u00e4 nykyinen nimi ei en\u00e4\u00e4 sovellu yhti\u00f6n toimintaan. Nimi vaihtui ja siit\u00e4 tuli Konelink Oy.<\/p>\n\n\n\n<p>Nimen merkitys on olla se puuttuva lenkki (link englanniksi) koneketjussa.<\/p>\n\n\n\n<p>2023 Konelink investoi ensimm\u00e4iseen autohakkuriin. Sill\u00e4 urakoidaan p\u00e4\u00e4osin It\u00e4-Uudellamaalla ja Uudellamaalla sek\u00e4 jonkin verran P\u00e4ij\u00e4t-H\u00e4meen alueella. Kuorma-autot, jotka ajavat hakkeet l\u00e4mp\u00f6laitoksiin,ovat alihankkijoita.<\/p>\n\n\n\n<p>T\u00e4ll\u00e4 hetkell\u00e4 (2024) Konelink ty\u00f6list\u00e4\u00e4 3-5 ty\u00f6ntekij\u00e4\u00e4 ja liikevaihto on yli 500t vuodessa.<\/p>\n\n\n\n<figure class=\"wp-block-image size-full is-style-default\"><img loading=\"lazy\" decoding=\"async\" width=\"751\" height=\"1008\" src=\"https:\/\/konelink.fi\/wp-content\/uploads\/2024\/05\/konelinkron.png\" alt=\"\" class=\"wp-image-66\"\/><\/figure>\n\n\n\n<p>Ron L\u00f6nnqvist <\/p>\n\n\n\n<p>Perustaja \/ Omistaja\u00a0\/ Toimitusjohtaja<\/p>\n\n\n\n<p><\/p>\n","protected":false},"excerpt":{"rendered":"<p>Konelink ent. Agrilink perustettiin vuonna 2014. Silloin yhti\u00f6 keskitti voimansa maatalouskoneiden varaosiin ja k\u00e4ytettyjen maatalouskoneiden maahantuontiin. Asiakkaita oli ymp\u00e4ri maata etel\u00e4st\u00e4 pohjoiseen. P\u00e4\u00e4osin tuotiin Granit-merkkisi\u00e4 tarvikeosia Saksasta sill\u00e4 periaatteella, ett\u00e4 osat l\u00e4htiv\u00e4t keskusvarastolta suoraan asiakkaan ovelle ilman v\u00e4lik\u00e4si\u00e4. Oli tietysti my\u00f6s muita pienempi\u00e4 toimittajia esim.Englannista, Ruotsista ja Italiasta.&nbsp; Agrilink toi maahan my\u00f6s k\u00e4ytettyj\u00e4 maatalouskoneita kuten &#8230; <a title=\"Info\" class=\"read-more\" href=\"https:\/\/konelink.fi\/?page_id=9\">Read more<span class=\"screen-reader-text\">Info<\/span><\/a><\/p>\n","protected":false},"author":1,"featured_media":0,"parent":0,"menu_order":0,"comment_status":"closed","ping_status":"closed","template":"","meta":{"footnotes":""},"class_list":["post-9","page","type-page","status-publish"],"_links":{"self":[{"href":"https:\/\/konelink.fi\/index.php?rest_route=\/wp\/v2\/pages\/9","targetHints":{"allow":["GET"]}}],"collection":[{"href":"https:\/\/konelink.fi\/index.php?rest_route=\/wp\/v2\/pages"}],"about":[{"href":"https:\/\/konelink.fi\/index.php?rest_route=\/wp\/v2\/types\/page"}],"author":[{"embeddable":true,"href":"https:\/\/konelink.fi\/index.php?rest_route=\/wp\/v2\/users\/1"}],"replies":[{"embeddable":true,"href":"https:\/\/konelink.fi\/index.php?rest_route=%2Fwp%2Fv2%2Fcomments&post=9"}],"version-history":[{"count":7,"href":"https:\/\/konelink.fi\/index.php?rest_route=\/wp\/v2\/pages\/9\/revisions"}],"predecessor-version":[{"id":77,"href":"https:\/\/konelink.fi\/index.php?rest_route=\/wp\/v2\/pages\/9\/revisions\/77"}],"wp:attachment":[{"href":"https:\/\/konelink.fi\/index.php?rest_route=%2Fwp%2Fv2%2Fmedia&parent=9"}],"curies":[{"name":"wp","href":"https:\/\/api.w.org\/{rel}","templated":true}]}}